{"id":205,"date":"2025-03-17T11:48:56","date_gmt":"2025-03-17T10:48:56","guid":{"rendered":"https:\/\/fincherwine.com\/?post_type=product&#038;p=205"},"modified":"2025-10-02T11:37:51","modified_gmt":"2025-10-02T09:37:51","slug":"sauvignon-blanc-awatere-valley","status":"publish","type":"product","link":"https:\/\/fincherwine.com\/fr\/produit\/sauvignon-blanc-awatere-valley\/","title":{"rendered":"Sauvignon Blanc Awatere Valley"},"content":{"rendered":"<div class=\"page\" title=\"Page 7\">\n<div class=\"section\">\n<div class=\"layoutArea\">\n<div class=\"column\">\n<p data-start=\"192\" data-end=\"465\">Fa\u00e7onn\u00e9 par l'influence maritime fra\u00eeche de la vall\u00e9e d'Awatere, ce sauvignon blanc issu d'un seul vignoble offre une expression vive et \u00e9l\u00e9gante de Marlborough.<br data-start=\"342\" data-end=\"345\" \/>Les brises oc\u00e9aniques de la r\u00e9gion et la maturation lente donnent un vin dense, min\u00e9ral et rafra\u00eechissant.<\/p>\n<p data-start=\"467\" data-end=\"717\">Des ar\u00f4mes de p\u00eache blanche, de groseille \u00e0 maquereau et d'agrumes se d\u00e9voilent avec une touche de sorbet et une finale longue et nette. Un traitement minutieux et une fermentation en cuves inox pr\u00e9servent la puret\u00e9 du fruit et du terroir, garantissant un vin \u00e0 la fois expressif et raffin\u00e9.<\/p>\n<p data-start=\"719\" data-end=\"871\">Parfaitement adapt\u00e9 aux fruits de mer, aux plats \u00e0 base d'herbes aromatiques et \u00e0 la cuisine fra\u00eeche et parfum\u00e9e, ce vin exprime avec puret\u00e9 et pr\u00e9cision le caract\u00e8re distinctif d'Awatere.<\/p>\n<\/div>\n<\/div>\n<\/div>\n<\/div>","protected":false},"excerpt":{"rendered":"<p>Shaped by the cool maritime influence of the Awatere Valley, this single-vineyard Sauvignon Blanc delivers a crisp, elegant expression of Marlborough.The region\u2019s ocean breezes and slow ripening result in a wine that is tight, mineral-driven, and refreshingly vibrant. Flavours of white peach, gooseberry, and citrus unfold with a hint of sherbet and a long, clean [&hellip;]<\/p>","protected":false},"featured_media":119,"comment_status":"open","ping_status":"closed","template":"","meta":[],"product_brand":[],"product_cat":[15],"product_tag":[],"class_list":{"0":"post-205","1":"product","2":"type-product","3":"status-publish","4":"has-post-thumbnail","6":"product_cat-white","8":"first","9":"instock","10":"shipping-taxable","11":"purchasable","12":"product-type-simple"},"_links":{"self":[{"href":"https:\/\/fincherwine.com\/fr\/wp-json\/wp\/v2\/product\/205","targetHints":{"allow":["GET"]}}],"collection":[{"href":"https:\/\/fincherwine.com\/fr\/wp-json\/wp\/v2\/product"}],"about":[{"href":"https:\/\/fincherwine.com\/fr\/wp-json\/wp\/v2\/types\/product"}],"replies":[{"embeddable":true,"href":"https:\/\/fincherwine.com\/fr\/wp-json\/wp\/v2\/comments?post=205"}],"wp:featuredmedia":[{"embeddable":true,"href":"https:\/\/fincherwine.com\/fr\/wp-json\/wp\/v2\/media\/119"}],"wp:attachment":[{"href":"https:\/\/fincherwine.com\/fr\/wp-json\/wp\/v2\/media?parent=205"}],"wp:term":[{"taxonomy":"product_brand","embeddable":true,"href":"https:\/\/fincherwine.com\/fr\/wp-json\/wp\/v2\/product_brand?post=205"},{"taxonomy":"product_cat","embeddable":true,"href":"https:\/\/fincherwine.com\/fr\/wp-json\/wp\/v2\/product_cat?post=205"},{"taxonomy":"product_tag","embeddable":true,"href":"https:\/\/fincherwine.com\/fr\/wp-json\/wp\/v2\/product_tag?post=205"}],"curies":[{"name":"wp","href":"https:\/\/api.w.org\/{rel}","templated":true}]}}