{"id":3,"date":"2025-03-07T09:50:20","date_gmt":"2025-03-07T08:50:20","guid":{"rendered":"http:\/\/fincherwine.com\/?page_id=3"},"modified":"2025-08-28T11:24:14","modified_gmt":"2025-08-28T09:24:14","slug":"privacy-policy","status":"publish","type":"page","link":"https:\/\/fincherwine.com\/fr\/privacy-policy\/","title":{"rendered":"Politique de confidentialit\u00e9"},"content":{"rendered":"<div data-elementor-type=\"wp-page\" data-elementor-id=\"3\" class=\"elementor elementor-3\" data-elementor-post-type=\"page\">\n\t\t\t\t<div class=\"elementor-element elementor-element-3b93eaf e-flex e-con-boxed e-con e-parent\" data-id=\"3b93eaf\" data-element_type=\"container\">\n\t\t\t\t\t<div class=\"e-con-inner\">\n\t\t\t\t<div class=\"elementor-element elementor-element-f4cdece elementor-widget elementor-widget-heading\" data-id=\"f4cdece\" data-element_type=\"widget\" data-widget_type=\"heading.default\">\n\t\t\t\t\t<h2 class=\"elementor-heading-title elementor-size-default\">Politique de confidentialit\u00e9<\/h2>\t\t\t\t<\/div>\n\t\t\t\t<div class=\"elementor-element elementor-element-5d4bdd2 elementor-widget elementor-widget-text-editor\" data-id=\"5d4bdd2\" data-element_type=\"widget\" data-widget_type=\"text-editor.default\">\n\t\t\t\t\t\t\t\t\t<div data-id=\"25c55d3\" data-element_type=\"container\">\n<div data-id=\"2b278bb\" data-element_type=\"widget\" data-widget_type=\"text-editor.default\">\n<div data-id=\"25c55d3\" data-element_type=\"container\">\n<div data-id=\"2b278bb\" data-element_type=\"widget\" data-widget_type=\"text-editor.default\">\n<h2>Derni\u00e8re r\u00e9vision : 20\/08\/2025<\/h2>\n<p>L'adresse de notre site Web est : <a href=\"https:\/\/fincherwine.com\/fr\/\">fincherwine.com<\/a><\/p>\n<h2>Introduction<\/h2>\n<p>Chez Fincher &amp; CO. , nous nous soucions de la vie priv\u00e9e des utilisateurs de notre site Web, et nous nous engageons \u00e0 prot\u00e9ger les informations que les utilisateurs partagent avec nous lors de l'utilisation de notre Site. Nous nous engageons \u00e9galement \u00e0 la protection et \u00e0 l'utilisation de vos informations conform\u00e9ment \u00e0 la loi applicable.<\/p>\n<p>Cette Politique de confidentialit\u00e9 d\u00e9crit nos pratiques concernant la collecte, l'utilisation et la divulgation de vos informations gr\u00e2ce \u00e0 l'utilisation de nos sites web (les \u201d Services \u201c), lorsque vous acc\u00e9dez aux Services de votre appareil.<\/p>\n<p>Avant d\u2019acc\u00e9der ou d\u2019utiliser l\u2019un de nos Services, veuillez lire attentivement cette Politique de confidentialit\u00e9 et vous assurer que vous comprenez parfaitement nos pratiques concernant vos informations. Si vous lisez et comprenez pleinement cette Politique de confidentialit\u00e9, et que vous restez oppos\u00e9(e) \u00e0 nos pratiques, vous devez imm\u00e9diatement et cesser toute utilisation de nos Propri\u00e9t\u00e9s num\u00e9rique et de nos Services. En utilisant nos Services, vous acceptez les conditions de cette Politique de confidentialit\u00e9 et le fait de continuer \u00e0 utiliser les Services constitue votre acceptation de cette Politique de confidentialit\u00e9 et de tout amendement \u00e0 celle-ci.<\/p>\n<p>Dans cette Politique de confidentialit\u00e9, vous trouverez des explications sur les questions suivantes :<\/p>\n<ul>\n<li>Les informations que nous recueillons<\/li>\n<li>Comment nous recueillons des renseignements<\/li>\n<li>Pourquoi nous recueillons des renseignements<\/li>\n<li>Avec qui nous partageons les informations<\/li>\n<li>O\u00f9 l'information est stock\u00e9e&nbsp;<\/li>\n<li>Combien de temps sont conserv\u00e9es les informations<\/li>\n<li>Comment nous prot\u00e9geons les informations<\/li>\n<li>Les mineurs<\/li>\n<li>Les changements ou mises \u00e0 jour de la Politique de confidentialit\u00e9<\/li>\n<\/ul>\n<h2>Les informations que nous recueillons<\/h2>\n<p>Vous trouverez ci-dessous les diff\u00e9rents types d'informations que nous pouvons recueillir.<\/p>\n<ul>\n<li>Les informations non identifi\u00e9es et non identifiables, qui peuvent \u00eatre fournies par vous lors du processus d\u2019enregistrement ou recueillies lorsque vous utilisez nos Services (les \u00ab Informations non personnelles \u00bb). Les informations non personnelles ne nous permettent pas d\u2019identifier la personne aupr\u00e8s de qui elles ont \u00e9t\u00e9 recueillies. Les Informations non personnelles que nous recueillons consistent principalement en des informations techniques et des informations d\u2019utilisation agr\u00e9g\u00e9es.<\/li>\n<li>\u2022\tLes informations permettant de vous identifier individuellement, c\u2019est-\u00e0-dire les informations qui vous identifient ou qui peuvent, moyennant un effort raisonnable, vous identifier (les \u00ab Informations personnelles \u00bb). Les Informations personnelles que nous recueillons par le biais de nos Services sont notamment le nom, l\u2019adresse e-mail, l\u2019adresse, le num\u00e9ro de t\u00e9l\u00e9phone, l\u2019adresse IP ou d\u2019autres informations demand\u00e9es \u00e0 chaque fois que n\u00e9cessaire. Si nous combinons des Informations personnelles avec des Informations non personnelles, nous traiterons les informations combin\u00e9es comme des Informations personnelles aussi longtemps qu\u2019elles resteront combin\u00e9es.<\/li>\n<\/ul>\n<h2>Comment nous recueillons des renseignements&nbsp;<\/h2>\n<p>Ci-dessous vous trouverez les principales m\u00e9thodes que nous utilisons pour collecter des informations :<\/p>\n<ul>\n<li>Nous recueillons des informations lorsque vous utilisez les Services. Lorsque vous visitez nos Propri\u00e9t\u00e9s num\u00e9riques ou que vous utilisez nos Services, nous pouvons recueillir, collecter et enregistrer ces utilisations, sessions et informations connexes.<\/li>\n<li>Nous recueillons les informations que vous nous fournissez volontairement. Par exemple, nous recueillons les informations que vous nous fournissez lorsque vous nous contactez directement par n\u2019importe quel canal de communication (par exemple lorsque vous nous envoyez un e-mail contenant un commentaire ou un retour d\u2019information).<\/li>\n<li>Nous pouvons collecter des informations provenant de sources tierces, comme d\u00e9crit ci-dessous.<\/li>\n<li>Nous recueillons les renseignements que vous nous fournissez lorsque vous vous connectez \u00e0 nos Services par le biais d'un service tiers comme Facebook ou Google.<\/li>\n<\/ul>\n<h2>Pourquoi nous recueillons des renseignements<\/h2>\n<p>Nous utilisons vos Renseignements personnels pour les fins suivantes :<\/p>\n<ul>\n<li>Pour fournir et exploiter les Services<\/li>\n<li>Pour d\u00e9velopper, personnaliser et am\u00e9liorer nos Services<\/li>\n<li>Pour r\u00e9pondre \u00e0 vos commentaires, demandes et requ\u00eates, et vous fournir notre assistance<\/li>\n<li>Pour analyser les sch\u00e9mas de demande et d\u2019utilisation<\/li>\n<li>Pour d'autres fins internes de recherche ou de statistique<\/li>\n<li>Pour renforcer nos capacit\u00e9s dans le domaine de la s\u00e9curit\u00e9 des donn\u00e9es et de pr\u00e9vention de la fraude<\/li>\n<li>Pour enqu\u00eater sur les \u00e9ventuelles violations, faire respecter nos termes et conditions ou nos politiques, ou pour se conformer \u00e0 une loi, un r\u00e8glement ou une autorit\u00e9 gouvernementale applicable.<\/li>\n<li>Pour vous envoyer des mises \u00e0 jour, des avis, des documents promotionnels et d\u2019autres informations concernant nos Services. Si nous vous envoyons des e-mails promotionnels, vous pouvez choisir de ne plus les recevoir en cliquant sur le lien de d\u00e9sabonnement que ces e-mails contiennent.<\/li>\n<\/ul>\n<h2>Avec qui nous partageons les informations<\/h2>\n<p>Nous pouvons partager vos informations avec nos fournisseurs de services, pour faire fonctionner nos Services (par exemple, en stockant des informations sur les services d'h\u00e9bergement tiers, en fournissant notre assistance technique, etc)<\/p>\n<p>Nous pouvons aussi divulguer vos renseignements personnels dans les circonstances suivantes :<\/p>\n<ul>\n<li>pour enqu\u00eater, d\u00e9tecter, pr\u00e9venir ou prendre des mesures concernant des activit\u00e9s ill\u00e9gales ou d\u2019autres actes r\u00e9pr\u00e9hensibles, des soup\u00e7ons de fraude ou des questions de s\u00e9curit\u00e9 ;<\/li>\n<li>pour \u00e9tablir ou exercer nos droits de d\u00e9fense contre des revendications l\u00e9gales ;<\/li>\n<li>pour prot\u00e9ger nos droits, la propri\u00e9t\u00e9 ou la s\u00e9curit\u00e9 personnelle et celle de nos utilisateurs ou du public ;<\/li>\n<li>si nous ou l\u2019une de nos soci\u00e9t\u00e9s affili\u00e9es subissons un changement de contr\u00f4le, y compris par le biais d\u2019une fusion, d\u2019une acquisition ou d\u2019un achat de tous ou de la quasi-totalit\u00e9 de nos actifs ;<\/li>\n<li>pour collecter, d\u00e9tenir et\/ou g\u00e9rer vos informations par le biais de nos fournisseurs de services tiers autoris\u00e9s (par exemple, des soci\u00e9t\u00e9s de services en ligne), dans la mesure o\u00f9 cela est raisonnable \u00e0 des fins commerciales ; ou<\/li>\n<li>pour coop\u00e9rer avec des tiers dans le but d\u2019am\u00e9liorer votre exp\u00e9rience. Pour \u00e9viter toute confusion possible, nous pouvons transf\u00e9rer et divulguer \u00e0 des tiers ou utiliser autrement les Informations non personnelles \u00e0 notre seule discr\u00e9tion.<\/li>\n<\/ul>\n<p>Veuillez noter que nos Services vous permettent de participer \u00e0 certaines activit\u00e9s sociales comme la publication de contenus, d\u2019informations ou de commentaires, ainsi que de suivre d\u2019autres utilisateurs et discuter avec eux. Sachez que le contenu ou les informations que vous fournissez dans ces zones peuvent \u00eatre lues, recueillies et utilis\u00e9es par les autres personnes qui y ont acc\u00e8s.  Nous vous d\u00e9conseillons d\u2019envoyer sur un serveur ou de partager toute information que vous ne souhaitez pas rendre publique. Si vous envoyez un contenu sur nos Propri\u00e9t\u00e9s num\u00e9riques ou que vous le fournissez de toute autre mani\u00e8re dans le cadre de l\u2019utilisation d\u2019un Service, vous le faites \u00e0 vos propres risques. Nous ne pouvons pas contr\u00f4ler les actions des autres utilisateurs ou des membres du public qui peuvent acc\u00e9der \u00e0 vos informations et \u00e0 votre contenu.  Vous comprenez et reconnaissez que, m\u00eame apr\u00e8s leur retrait de votre part ou de la n\u00f4tre, des copies de vos informations peuvent rester visibles sur des pages archiv\u00e9es ou mises en cache, ou qu\u2019un tiers a pu copier ou stocker ce contenu.<\/p>\n<h2>Cookies et des technologies similaires<\/h2>\n<p>Lorsque vous visitez ou acc\u00e9dez \u00e0 notre Service, nous autorisons certains tiers \u00e0 utiliser des balises web, des cookies, des pixels invisibles, des scripts, des balises et d\u2019autres technologies et services d\u2019analyse (les \u00ab Technologies de suivi \u00bb). Ces Technologies de suivi peuvent permettre \u00e0 des tiers de recueillir automatiquement des informations vous concernant afin d\u2019am\u00e9liorer la mani\u00e8re dont vous naviguez sur nos Propri\u00e9t\u00e9s num\u00e9riques, d\u2019am\u00e9liorer les performances de nos Propri\u00e9t\u00e9s num\u00e9riques et de personnaliser votre exp\u00e9rience sur nos Propri\u00e9t\u00e9s num\u00e9riques, ainsi qu\u2019\u00e0 des fins de s\u00e9curit\u00e9 et de pr\u00e9vention de la fraude.<\/p>\n<p>&nbsp;Pour en savoir plus, voir notre&nbsp;<a href=\"https:\/\/fincherwine.com\/fr\/cookie-use-policy\/\" target=\"_blank\">Politique en mati\u00e8re de cookies<\/a>.<\/p>\n<p>Nous ne partagerons pas votre adresse e-mail ou d'autres Informations personnelles avec des soci\u00e9t\u00e9s publicitaires ou r\u00e9seaux publicitaires sans votre consentement.<\/p>\n<h2>O\u00f9 l'information est stock\u00e9e<\/h2>\n<p><em>Des informations Non personnelles<\/em><\/p>\n<p>Veuillez noter que nos entreprises, ainsi que les partenaires et les prestataires de services de confiance, sont situ\u00e9s dans le monde entier. Toutes les Informations non personnelles que nous collectons sont stock\u00e9es et trait\u00e9es dans diverses juridictions \u00e0 travers le monde, aux fins d\u00e9taill\u00e9es dans la pr\u00e9sente Politique de confidentialit\u00e9.<\/p>\n<p><em>Renseignements personnels<\/em><\/p>\n<p>Les Informations personnelles peuvent \u00eatre conserv\u00e9es, trait\u00e9es et stock\u00e9es aux \u00c9tats-Unis d\u2019Am\u00e9rique, en Irlande, au Japon, en Isra\u00ebl et dans d\u2019autres juridictions si cela est n\u00e9cessaire pour la bonne prestation de nos services et\/ou si la loi l\u2019exige (comme expliqu\u00e9 plus en d\u00e9tail ci-dessous).<\/p>\n<h2>Combien de temps sont conserv\u00e9es les informations :<\/h2>\n<p>Veuillez noter que nous conservons les informations que nous recueillons aussi longtemps que n\u00e9cessaire pour fournir les Services et pour nous conformer \u00e0 nos obligations l\u00e9gales ou contractuelles envers vous, r\u00e9soudre les litiges et faire respecter nos accords.<\/p>\n<p>Nous pouvons rectifier, compl\u00e9ter ou supprimer des informations incompl\u00e8tes ou inexactes, \u00e0 tout moment et \u00e0 notre enti\u00e8re discr\u00e9tion.<\/p>\n<p>Quels que soient les efforts faits et les mesures prises par nous et par notre h\u00e9bergeur, nous ne pouvons pas garantir et nous ne garantissons pas la protection et la s\u00e9curit\u00e9 absolues des informations que vous t\u00e9l\u00e9chargez, publiez ou partagez de toute autre mani\u00e8re avec nous ou quelqu\u2019un d\u2019autre.<\/p>\n<p>Nous vous encourageons \u00e0 d\u00e9finir des mots de passe forts et \u00e0 \u00e9viter de nous fournir ou de fournir \u00e0 quiconque des informations sensibles dont vous pensez que la divulgation pourrait vous causer un pr\u00e9judice substantiel ou irr\u00e9parable. En outre, les e-mails et les messages instantan\u00e9s n\u2019\u00e9tant pas reconnus comme des formes de communication s\u00fbres, nous vous demandons de, et vous encourageons \u00e0, ne pas partager d\u2019informations sensibles par l\u2019interm\u00e9diaire de ces m\u00e9thodes.<\/p>\n<h2>Les mineurs<\/h2>\n<p>Les Services ne sont pas destin\u00e9s aux mineurs. Nous ne recueillons pas sciemment de renseignements aupr\u00e8s des enfants. Si vous n'\u00eates pas majeur, vous ne devez pas t\u00e9l\u00e9charger ou utiliser les Services ou  nous fournir des informations.<\/p>\n<p>Nous nous r\u00e9servons le droit de demander une preuve d\u2019\u00e2ge \u00e0 tout moment afin de veiller \u00e0 ce que les mineurs n\u2019utilisent pas nos Services. Si nous apprenons qu\u2019une personne n\u2019ayant pas atteint l\u2019\u00e2ge de la majorit\u00e9 utilise nos Services, nous pouvons interdire et bloquer l\u2019acc\u00e8s de cet utilisateur \u00e0 nos Services, ainsi que supprimer toutes les informations stock\u00e9es chez nous concernant cet utilisateur. Si vous avez des raisons de croire qu\u2019un mineur a partag\u00e9 des informations avec nous, veuillez nous contacter comme indiqu\u00e9 ci-dessous.<\/p>\n<p>Pour examiner, mettre \u00e0 jour ou supprimer les informations concernant votre enfant, veuillez nous contacter.  Pour prot\u00e9ger votre enfant, nous pouvons vous demander de nous fournir une preuve de votre identit\u00e9. Nous pouvons vous refuser l\u2019acc\u00e8s si nous pensons qu\u2019il y a un doute sur votre identit\u00e9. Veuillez noter que certaines informations ne peuvent pas \u00eatre supprim\u00e9es en raison d\u2019autres obligations l\u00e9gales.<\/p>\n<p>Nous n\u2019utiliserons vos informations personnelles qu\u2019aux fins d\u00e9finies dans cette Politique de confidentialit\u00e9, si :<\/p>\n<ul>\n<li>L\u2019utilisation de vos Informations personnelles est n\u00e9cessaire pour ex\u00e9cuter un contrat ou prendre des mesures en vue de conclure un contrat avec vous (par exemple, pour vous fournir les Services ou pour vous fournir notre assistance client ou technique)<\/li>\n<li>Il est n\u00e9cessaire pour nous d'utiliser vos Informations personnelles afin de se conformer \u00e0 une obligation l\u00e9gale ou r\u00e9glementaire pertinente<\/li>\n<li>Il nous est n\u00e9cessaire d\u2019utiliser vos Informations personnelles pour nos int\u00e9r\u00eats l\u00e9gitimes en tant qu\u2019entreprise, \u00e0 condition que cette utilisation soit \u00e0 tout moment proportionn\u00e9e et respectueuse de vos droits \u00e0 la vie priv\u00e9e.<\/li>\n<\/ul>\n<p>Si vous r\u00e9sidez dans l'UE, vous pouvez :<\/p>\n<ul>\n<li>Demander \u00e0 recevoir la confirmation que des Informations personnelles vous concernant sont trait\u00e9es ou non, et acc\u00e9der aux Informations personnelles que nous stockons vous concernant, ainsi qu\u2019\u00e0 certaines informations suppl\u00e9mentaires<\/li>\n<li>Demander \u00e0 recevoir des Informations personnelles que vous nous fournissez directement \u00e0 titre volontaire dans un format structur\u00e9, couramment utilis\u00e9 et lisible par machine<\/li>\n<li>Demande la rectification de vos Renseignements personnels qui sont sous notre contr\u00f4le<\/li>\n<li>Demander l'effacement de vos Renseignements personnels<\/li>\n<li>Vous opposer au traitement des donn\u00e9es \u00e0 caract\u00e8re personnel<\/li>\n<li>Demander la limitation du traitement de vos Informations personnelles par nos soins<\/li>\n<li>D\u00e9poser une plainte aupr\u00e8s d'une autorit\u00e9 de contr\u00f4le<\/li>\n<\/ul>\n<p>Toutefois, veuillez noter que ces droits ne sont pas absolus et qu\u2019ils peuvent \u00eatre soumis \u00e0 nos propres int\u00e9r\u00eats l\u00e9gitimes ou exigences r\u00e9glementaires. Si vous avez des questions d\u2019ordre g\u00e9n\u00e9ral sur les Informations personnelles que nous recueillons et sur la mani\u00e8re dont nous les utilisons, veuillez nous contacter de la mani\u00e8re indiqu\u00e9e ci-dessous.<\/p>\n<p>Dans le cadre de la mise \u00e0 disposition des Services \u00e0 nos utilisateurs, nous pouvons transf\u00e9rer des informations \u00e0 des entit\u00e9s affili\u00e9es ou \u00e0 d\u2019autres tiers au-del\u00e0 des fronti\u00e8res de votre pays ou juridiction, vers d\u2019autres pays ou juridictions dans le monde. En utilisant les Services, vous consentez au transfert de vos informations en dehors de l\u2019EEE.<\/p>\n<p>Si vous \u00eates situ\u00e9(e) dans l\u2019EEE, vos Informations personnelles ne pourront \u00eatre transf\u00e9r\u00e9es vers des lieux situ\u00e9s en dehors de l\u2019EEE que si nous sommes convaincus qu\u2019un niveau de protection ad\u00e9quat ou comparable est en place pour prot\u00e9ger les Informations personnelles. Nous prendrons des mesures raisonnables pour nous assurer que nous avons des accords contractuels appropri\u00e9s avec nos tiers pour garantir que des garanties ad\u00e9quates sont en place de sorte que les risques d\u2019utilisation ill\u00e9gale, de modification, de suppression, de perte ou de vol de vos Informations personnelles soient minimis\u00e9s, et que ces tiers agissent \u00e0 tout moment en conformit\u00e9 avec les lois applicables.<\/p>\n<h2>Les changements ou mises \u00e0 jour de la Politique de confidentialit\u00e9<\/h2>\n<p>Nous pouvons r\u00e9viser cette politique de confidentialit\u00e9 \u00e0 chaque fois que n\u00e9cessaire, \u00e0 notre seule discr\u00e9tion, et la version la plus r\u00e9cente sera toujours affich\u00e9e sur notre site web (comme indiqu\u00e9 dans la rubrique \u00ab Derni\u00e8re r\u00e9vision \u00bb). Nous vous encourageons \u00e0 consulter r\u00e9guli\u00e8rement la pr\u00e9sente Politique de confidentialit\u00e9 pour prendre connaissance de toute modification. En cas de changements importants, nous publierons sur notre site web un avis pour annoncer ces changements.  Si vous continuez \u00e0 utiliser les Services apr\u00e8s la notification de modifications sur notre site web, cela constituera votre reconnaissance de, et votre consentement \u00e0, ces modifications de la Politique de confidentialit\u00e9 et votre accord \u00e0 \u00eatre li\u00e9(e) par les conditions de ces modifications.<\/p>\n<h2>Contactez-nous<\/h2>\n<p>Si vous avez des questions g\u00e9n\u00e9rales sur les Services ou les renseignements que nous recueillons sur vous, ou \u00e0 la fa\u00e7on dont nous les utilisons&nbsp;<a href=\"https:\/\/fincherwine.com\/fr\/#contact\" target=\"_blank\">contactez-nous<\/a>.<\/p>\n<\/div>\n<\/div>\n<\/div>\n<\/div>\t\t\t\t\t\t\t\t<\/div>\n\t\t\t\t\t<\/div>\n\t\t\t\t<\/div>\n\t\t\t\t<\/div>","protected":false},"excerpt":{"rendered":"<p>Last revision : 20\/08\/2025 The address of our Web site is : fincherwine.com Introduction At Fincher wine, we care about the privacy of the users of our Web site, and we are committed to protect the information users share with us when using our Site. We are also committed to the protection and use your [&hellip;]<\/p>","protected":false},"author":1,"featured_media":0,"parent":0,"menu_order":0,"comment_status":"closed","ping_status":"closed","template":"","meta":{"footnotes":""},"class_list":["post-3","page","type-page","status-publish","hentry"],"_links":{"self":[{"href":"https:\/\/fincherwine.com\/fr\/wp-json\/wp\/v2\/pages\/3","targetHints":{"allow":["GET"]}}],"collection":[{"href":"https:\/\/fincherwine.com\/fr\/wp-json\/wp\/v2\/pages"}],"about":[{"href":"https:\/\/fincherwine.com\/fr\/wp-json\/wp\/v2\/types\/page"}],"author":[{"embeddable":true,"href":"https:\/\/fincherwine.com\/fr\/wp-json\/wp\/v2\/users\/1"}],"replies":[{"embeddable":true,"href":"https:\/\/fincherwine.com\/fr\/wp-json\/wp\/v2\/comments?post=3"}],"version-history":[{"count":9,"href":"https:\/\/fincherwine.com\/fr\/wp-json\/wp\/v2\/pages\/3\/revisions"}],"predecessor-version":[{"id":395,"href":"https:\/\/fincherwine.com\/fr\/wp-json\/wp\/v2\/pages\/3\/revisions\/395"}],"wp:attachment":[{"href":"https:\/\/fincherwine.com\/fr\/wp-json\/wp\/v2\/media?parent=3"}],"curies":[{"name":"wp","href":"https:\/\/api.w.org\/{rel}","templated":true}]}}