{"id":213,"date":"2025-03-26T14:21:45","date_gmt":"2025-03-26T13:21:45","guid":{"rendered":"https:\/\/fincherwine.com\/?page_id=213"},"modified":"2025-08-28T11:30:08","modified_gmt":"2025-08-28T09:30:08","slug":"cookie-use-policy","status":"publish","type":"page","link":"https:\/\/fincherwine.com\/fr\/cookie-use-policy\/","title":{"rendered":"Politique d'utilisation des cookies"},"content":{"rendered":"<div data-elementor-type=\"wp-page\" data-elementor-id=\"213\" class=\"elementor elementor-213\" data-elementor-post-type=\"page\">\n\t\t\t\t<div class=\"elementor-element elementor-element-4af973e e-flex e-con-boxed e-con e-parent\" data-id=\"4af973e\" data-element_type=\"container\">\n\t\t\t\t\t<div class=\"e-con-inner\">\n\t\t\t\t<div class=\"elementor-element elementor-element-23921e2 elementor-widget elementor-widget-heading\" data-id=\"23921e2\" data-element_type=\"widget\" data-widget_type=\"heading.default\">\n\t\t\t\t\t<h2 class=\"elementor-heading-title elementor-size-default\">Politique d'utilisation des cookies<\/h2>\t\t\t\t<\/div>\n\t\t\t\t<div class=\"elementor-element elementor-element-b13a01b elementor-widget elementor-widget-text-editor\" data-id=\"b13a01b\" data-element_type=\"widget\" data-widget_type=\"text-editor.default\">\n\t\t\t\t\t\t\t\t\t<div data-id=\"25c55d3\" data-element_type=\"container\">\n<div data-id=\"2b278bb\" data-element_type=\"widget\" data-widget_type=\"text-editor.default\">\n<div data-id=\"25c55d3\" data-element_type=\"container\">\n<div data-id=\"2b278bb\" data-element_type=\"widget\" data-widget_type=\"text-editor.default\">\n<div data-id=\"25c55d3\" data-element_type=\"container\">\n<div>\n<div data-id=\"2b278bb\" data-element_type=\"widget\" data-widget_type=\"text-editor.default\">\n<div>\n<h2>\u00c0 propos de la politique de gestion des cookies<\/h2>\n<div>Cette section indique ce que sont les cookies et comment les utiliser, ainsi que le type de cookies que nous utilisons, les informations que nous collections avec ces cookies et comment ces informations sont utilis\u00e9es, comment nous contr\u00f4lons les pr\u00e9f\u00e9rences en mati\u00e8re de cookies.<\/div>\n<div>&nbsp;<\/div>\n<div>Pour plus d\u2019informations sur la mani\u00e8re dont nous utilisons, enregistrons et conservons vos informations personnelles, veuillez consulter notre politique de confidentialit\u00e9.<\/div>\n<div>&nbsp;<\/div>\n<div>Vous pouvez changer \u00e0 n\u2019importe quel moment votre consentement sur nos cookies. Vous pouvez en apprendre plus sur qui nous sommes et comment nous utilisons vos donn\u00e9es en nous contactant ou en consultant notre page de politique de confidentialit\u00e9. Votre consentement s\u2019applique sur le domaine: fincherwine.com<\/div>\n<div>&nbsp;<\/div>\n<div>\n<div>Pour voir votre consentement actuel cliquez sur l\u2019ic\u00f4ne en bas \u00e0 gauche de l\u2019\u00e9cran.<\/div>\n<div>Que sont les cookies ?<\/div>\n<\/div>\n<div class=\"translation-block\">Les cookies sont de petits fichiers texte utilis\u00e9s pour stocker de petites informations. Ils sont stock\u00e9s sur votre appareil lorsque le site Web est charg\u00e9 sur votre navigateur. Ces cookies nous aident \u00e0 faire fonctionner le site Web correctement, le rendre plus s\u00fbr, fournir une meilleure exp\u00e9rience utilisateur, et de comprendre comment le site fonctionne et d\u2019analyser ce qui fonctionne et o\u00f9 il a besoin d\u2019am\u00e9liorations.<\/div>\n<h2>Comment utilisons-nous les cookies ?<\/h2>\n<div>\n<p class=\"translation-block\">Comme la plupart des services en ligne, notre site Web utilise des cookies internes et externes \u00e0 plusieurs fins. Les cookies internes sont principalement n\u00e9cessaires au bon fonctionnement du site Web, et ils ne collectent aucune de vos donn\u00e9es personnelles identifiables.\nLes cookies tiers utilis\u00e9s sur notre site Web servent principalement \u00e0 comprendre comment le site Web fonctionne, comment vous interagissez avec notre site Web, garder nos services s\u00e9curis\u00e9s, fournir des publicit\u00e9s qui sont pertinentes pour vous, et dans l\u2019ensemble vous fournir une meilleure exp\u00e9rience utilisateur et aider \u00e0 acc\u00e9l\u00e9rer vos interactions futures avec notre site Web.<\/p>\n<\/div>\n<h2>Quels types de cookies utilisons-nous ?<\/h2>\n<div>\n<p class=\"translation-block\">Essentiel : Certains cookies sont essentiels pour que vous puissiez profiter pleinement des fonctionnalit\u00e9s de notre site. Ils nous permettent de maintenir des sessions d\u2019utilisateurs et de pr\u00e9venir toute menace \u00e0 la s\u00e9curit\u00e9. Ils ne recueillent ni ne stockent aucune information personnelle. Par exemple, ces cookies vous permettent de vous connecter \u00e0 votre compte et d\u2019ajouter des produits \u00e0 votre panier, et de payer en toute s\u00e9curit\u00e9.<\/p>\n<p class=\"translation-block\">Statistiques : Ces cookies stockent des informations comme le nombre de visiteurs du site, le nombre de visiteurs uniques, les pages du site qui ont \u00e9t\u00e9 visit\u00e9s, la source de la visite, etc. Ces donn\u00e9es nous aident \u00e0 comprendre et \u00e0 analyser le rendement du site Web et les points \u00e0 am\u00e9liorer.<\/p>\n<p class=\"translation-block\">Marketing : Notre site Web affiche des publicit\u00e9s. Ces cookies sont utilis\u00e9s pour personnaliser les publicit\u00e9s que nous vous montrons afin qu\u2019elles soient significatives pour vous. Ces cookies nous aident \u00e9galement \u00e0 suivre l\u2019efficacit\u00e9 de ces campagnes publicitaires.\nLes informations stock\u00e9es dans ces cookies peuvent \u00e9galement \u00eatre utilis\u00e9es par les fournisseurs de publicit\u00e9 tiers pour vous montrer des publicit\u00e9s sur d\u2019autres sites Web sur le navigateur ainsi.<\/p>\n<p class=\"translation-block\">Fonctionnel : Ce sont les cookies qui aident certaines fonctionnalit\u00e9s non essentielles sur notre site Web. Ces fonctionnalit\u00e9s comprennent l\u2019int\u00e9gration de contenu comme des vid\u00e9os ou le partage de contenu du site Web sur les plateformes de m\u00e9dias sociaux.<\/p>\n<p class=\"translation-block\">Pr\u00e9f\u00e9rences : Ces cookies nous aident \u00e0 stocker vos param\u00e8tres et pr\u00e9f\u00e9rences de navigation comme les pr\u00e9f\u00e9rences de langue afin que vous ayez une exp\u00e9rience meilleure et efficace sur les visites futures sur le site.<\/p>\n<\/div>\n<\/div>\n<\/div>\n<\/div>\n<\/div>\n<div data-id=\"b82a16b\" data-element_type=\"container\">\n<div>\n<div data-id=\"512b527\" data-element_type=\"widget\" data-widget_type=\"html.default\">\n<div>\n<div><br><\/div>\n<\/div>\n<\/div>\n<div data-id=\"3697b4c\" data-element_type=\"widget\" data-widget_type=\"text-editor.default\">\n<div>\n<h2>Comment puis-je contr\u00f4ler mes pr\u00e9f\u00e9rences en mati\u00e8re de cookies ?<\/h2>\n<div class=\"translation-block\">Si vous d\u00e9cidez de modifier vos pr\u00e9f\u00e9rences plus tard au cours de votre session de navigation, vous pouvez cliquer sur l\u2019ic\u00f4ne cookie en bas \u00e0 gauche sur votre \u00e9cran. Cela affichera \u00e0 nouveau l\u2019avis de consentement vous permettant de modifier vos pr\u00e9f\u00e9rences ou de retirer enti\u00e8rement votre consentement.\nEn outre, diff\u00e9rents navigateurs fournissent diff\u00e9rentes m\u00e9thodes pour bloquer et supprimer les cookies utilis\u00e9s par les sites Web. Vous pouvez modifier les param\u00e8tres de votre navigateur pour bloquer\/supprimer les cookies.<\/div>\n<\/div>\n<\/div>\n<\/div>\n<\/div>\n<\/div>\n<\/div>\n<\/div>\n<\/div>\t\t\t\t\t\t\t\t<\/div>\n\t\t\t\t\t<\/div>\n\t\t\t\t<\/div>\n\t\t\t\t<\/div>","protected":false},"excerpt":{"rendered":"<p>About the policy for the management of cookies This section explains what cookies are and how to use them, as well as the type of cookies that we use, the information that we collect with these cookies and how that information is used, how we control the cookie preferences. &nbsp; For more information on how [&hellip;]<\/p>","protected":false},"author":1,"featured_media":0,"parent":0,"menu_order":0,"comment_status":"closed","ping_status":"closed","template":"","meta":{"footnotes":""},"class_list":["post-213","page","type-page","status-publish","hentry"],"_links":{"self":[{"href":"https:\/\/fincherwine.com\/fr\/wp-json\/wp\/v2\/pages\/213","targetHints":{"allow":["GET"]}}],"collection":[{"href":"https:\/\/fincherwine.com\/fr\/wp-json\/wp\/v2\/pages"}],"about":[{"href":"https:\/\/fincherwine.com\/fr\/wp-json\/wp\/v2\/types\/page"}],"author":[{"embeddable":true,"href":"https:\/\/fincherwine.com\/fr\/wp-json\/wp\/v2\/users\/1"}],"replies":[{"embeddable":true,"href":"https:\/\/fincherwine.com\/fr\/wp-json\/wp\/v2\/comments?post=213"}],"version-history":[{"count":5,"href":"https:\/\/fincherwine.com\/fr\/wp-json\/wp\/v2\/pages\/213\/revisions"}],"predecessor-version":[{"id":398,"href":"https:\/\/fincherwine.com\/fr\/wp-json\/wp\/v2\/pages\/213\/revisions\/398"}],"wp:attachment":[{"href":"https:\/\/fincherwine.com\/fr\/wp-json\/wp\/v2\/media?parent=213"}],"curies":[{"name":"wp","href":"https:\/\/api.w.org\/{rel}","templated":true}]}}