{"id":2,"date":"2025-03-07T09:50:20","date_gmt":"2025-03-07T08:50:20","guid":{"rendered":"http:\/\/fincherwine.com\/?page_id=2"},"modified":"2025-11-27T11:07:00","modified_gmt":"2025-11-27T10:07:00","slug":"legal-notices","status":"publish","type":"page","link":"https:\/\/fincherwine.com\/fr\/legal-notices\/","title":{"rendered":"Mentions l\u00e9gales"},"content":{"rendered":"<div data-elementor-type=\"wp-page\" data-elementor-id=\"2\" class=\"elementor elementor-2\" data-elementor-post-type=\"page\">\n\t\t\t\t<div class=\"elementor-element elementor-element-aaa6a84 e-flex e-con-boxed e-con e-parent\" data-id=\"aaa6a84\" data-element_type=\"container\">\n\t\t\t\t\t<div class=\"e-con-inner\">\n\t\t\t\t<div class=\"elementor-element elementor-element-999afea elementor-widget elementor-widget-heading\" data-id=\"999afea\" data-element_type=\"widget\" data-widget_type=\"heading.default\">\n\t\t\t\t\t<h2 class=\"elementor-heading-title elementor-size-default\">Mentions l\u00e9gales<\/h2>\t\t\t\t<\/div>\n\t\t\t\t<div class=\"elementor-element elementor-element-d34575c elementor-widget elementor-widget-text-editor\" data-id=\"d34575c\" data-element_type=\"widget\" data-widget_type=\"text-editor.default\">\n\t\t\t\t\t\t\t\t\t<div data-id=\"25c55d3\" data-element_type=\"container\">\n<div data-id=\"2b278bb\" data-element_type=\"widget\" data-widget_type=\"text-editor.default\">\n<div data-id=\"25c55d3\" data-element_type=\"container\">\n<div data-id=\"2b278bb\" data-element_type=\"widget\" data-widget_type=\"text-editor.default\">\n<h2>INFORMATIONS LEGALES ET CONDITIONS GENERALES D\u2019UTILISATION<\/h2>\n<p>En utilisant ce site, vous reconnaissez avoir pris connaissance des conditions g\u00e9n\u00e9rales d\u00e9taill\u00e9es ci-apr\u00e8s et vous vous engagez \u00e0 les respecter. Elles ont notamment pour objet de vous informer du contenu du site, de l\u2019existence de droits de propri\u00e9t\u00e9 intellectuelle devant \u00eatre respect\u00e9s, ainsi que des modalit\u00e9s de collecte et de traitement des informations vous concernant dans le cadre de la mise en \u0153uvre de ce site Internet. Leur contenu peut \u00eatre amen\u00e9 \u00e0 changer.<\/p>\n<h2>1. MENTIONS LEGALES<\/h2>\n<p>PROPRIETAIRE<\/p>\n<p>Le site <a href=\"http:\/\/fincherwine.com\/fr\/\">fincherwine.com<\/a> est la propri\u00e9t\u00e9 de la soci\u00e9t\u00e9 MAISON EUGENE RENE :<\/p>\n<p>Si\u00e8ge social : 11 AVENUE DU 8 SEPTEMBRE 1944 21200 BEAUNE<\/p>\n<p>Immatricul\u00e9e au RCS le : 04\/10\/2021<\/p>\n<p>N\u00b0 SIRET:\u00a090388367600012<\/p>\n<p>H\u00c9BERGEMENT DU SITE<\/p>\n<p>\u2013 Ce site est h\u00e9berg\u00e9 par: OVH<\/p>\n<h2>2. PROPRI\u00c9T\u00c9 INTELLECTUELLE<\/h2>\n<p>Le site <a href=\"http:\/\/fincherwine.com\/fr\/\">fincherwine.com<\/a> et les diff\u00e9rents \u00e9l\u00e9ments qui le composent sont la propri\u00e9t\u00e9 exclusive de la soci\u00e9t\u00e9 MAISON EUGENE RENE ou de tiers qui lui ont conc\u00e9d\u00e9 une licence. Toute utilisation sous quelque forme et sur quelque support que ce soit, communication, repr\u00e9sentation totale ou partielle, modification ou d\u00e9naturation de la structure g\u00e9n\u00e9rale, des logiciels, textes, images anim\u00e9es ou non, son savoir-faire et tous les autres \u00e9l\u00e9ments composant ce site par quelque personne que ce soit, sans l\u2019autorisation expresse de la soci\u00e9t\u00e9 MAISON EUGENE RENE, est interdite et est de nature \u00e0 constituer une contrefa\u00e7on, sanctionn\u00e9e par les articles L.335-2 et suivants du Code de la propri\u00e9t\u00e9 intellectuelle.<\/p>\n<p>Les marques, les logos, les d\u00e9nominations sociales, enseignes, noms commerciaux et les noms de domaine figurant sur le site <a href=\"http:\/\/fincherwine.com\/fr\/\">fincherwine.com<\/a> sont des titres de propri\u00e9t\u00e9 intellectuelle appartenant \u00e0 la soci\u00e9t\u00e9 MAISON EUGENE RENE. Toute utilisation, sous quelque forme et sur quelque support que ce soit, reproduction ou repr\u00e9sentation totale ou partielle, seule ou int\u00e9gr\u00e9e \u00e0 d\u2019autres \u00e9l\u00e9ments, sans l\u2019autorisation \u00e9crite, expresse et pr\u00e9alable de MAISON EUGENE RENE est strictement interdite et de nature \u00e0 constituer une contrefa\u00e7on sanctionn\u00e9e par les articles L 716-1 et suivants du Code de la Propri\u00e9t\u00e9 Intellectuelle et\/ou susceptible de constituer une usurpation engageant la responsabilit\u00e9 de son auteur sur le fondement de l\u2019article 1382 du Code civil.<\/p>\n<p>L\u2019ensemble des informations contenues sur le site sont donc exclusivement r\u00e9serv\u00e9es \u00e0 un usage priv\u00e9. Leur reproduction, de quelque nature et origine que ce soit et l\u2019utilisation de copies n\u2019est autoris\u00e9e qu\u2019\u00e0 des fins d\u2019information pour un usage personnel et priv\u00e9.<\/p>\n<h2>3. COOKIES<\/h2>\n<p class=\"translation-block\">L\u2019utilisateur est inform\u00e9 que lors de ses visites sur le site, un cookie peut s\u2019installer automatiquement sur son logiciel de navigation.\nUn cookie est un \u00e9l\u00e9ment qui ne permet pas d\u2019identifier l\u2019utilisateur mais sert \u00e0 enregistrer des informations relatives \u00e0 la navigation de celui-ci sur le site Internet. Le param\u00e9trage de votre logiciel de navigation permet d\u2019informer de la pr\u00e9sence de cookies et \u00e9ventuellement de la refuser selon la proc\u00e9dure d\u00e9crite \u00e0 l\u2019adresse suivante: www.cnil.fr<\/p>\n<p>Ce site utilise \u00e9galement Google Analytics, un service d\u2019analyse de site Internet fourni par Google Inc. (\u00ab Google \u00bb).<br>Ce site utilise \u00e9galement Google Analytics, un service d\u2019analyse de site Internet fourni par Google Inc. (\u00ab Google \u00bb).\nGoogle Analytics utilise des cookies, qui sont des fichiers texte plac\u00e9s sur votre ordinateur, pour aider le site internet \u00e0 analyser l\u2019utilisation du site par ses utilisateurs. Les donn\u00e9es g\u00e9n\u00e9r\u00e9es par les cookies concernant votre utilisation du site seront transmises et stock\u00e9es par Google sur des serveurs situ\u00e9s aux \u00c9tats-Unis. Google utilisera cette information dans le but d\u2019\u00e9valuer votre utilisation du site, de compiler des rapports sur l\u2019activit\u00e9 du site \u00e0 destination de son \u00e9diteur et de fournir d\u2019autres services relatifs \u00e0 l\u2019activit\u00e9 du site et \u00e0 l\u2019utilisation d\u2019Internet. Google est susceptible de communiquer ces donn\u00e9es \u00e0 des tiers en cas d\u2019obligation l\u00e9gale ou lorsque ces tiers traitent ces donn\u00e9es pour le compte de Google, y compris notamment l\u2019\u00e9diteur de ce site. Google ne recoupera pas votre adresse IP avec toute autre donn\u00e9e d\u00e9tenue par Google. Vous pouvez d\u00e9sactiver l\u2019utilisation de cookies en s\u00e9lectionnant les param\u00e8tres appropri\u00e9s de votre navigateur. Cependant, une telle d\u00e9sactivation pourrait emp\u00eacher l\u2019utilisation de certaines fonctionnalit\u00e9s de ce site. En utilisant ce site Internet, vous consentez express\u00e9ment au traitement de vos donn\u00e9es nominatives par Google dans les conditions et pour les finalit\u00e9s d\u00e9crites ci-dessus.<\/p>\n<p>La base l\u00e9gale du traitement des donn\u00e9es \u00e0 travers Google Analytics est le consentement pr\u00e9alable de l\u2019utilisateur, en accord avec le RGPD et les directives de la CNIL.<\/p>\n<h2>4. DROITS DES UTILISATEURS<\/h2>\n<p>En tant qu\u2019utilisateur, vous disposez de droits sp\u00e9cifiques concernant vos donn\u00e9es personnelles, notamment le droit d\u2019acc\u00e8s, de rectification, d\u2019effacement, de limitation du traitement, de portabilit\u00e9 des donn\u00e9es et de recours. Vous pouvez exercer ces droits en nous contactant \u00e0 l\u2019adresse suivante : edouard.e@mergroup.mc .<\/p>\n<h2>5. INDISPONIBILIT\u00c9 DU SITE<\/h2>\n<p>MAISON EUGENE RENE s\u2019efforcera dans la mesure du possible d\u2019assurer aux utilisateurs une accessibilit\u00e9 du site \u00e0 tout moment mais ne pourra \u00eatre tenu responsable, en cas d\u2019indisponibilit\u00e9 du site, pour quelque cause que ce soit.<\/p>\n<p>Date de derni\u00e8re mise \u00e0 jour : 20\/08\/2025<\/p>\n<\/div>\n<\/div>\n<\/div>\n<\/div>\t\t\t\t\t\t\t\t<\/div>\n\t\t\t\t\t<\/div>\n\t\t\t\t<\/div>\n\t\t\t\t<\/div>","protected":false},"excerpt":{"rendered":"<p>LEGAL INFORMATION, TERMS AND CONDITIONS Of USE By using this site, you acknowledge that you have read the terms detailed below and that you agree to abide by them. They have, in particular, to inform you of the site&#8217;s content, of the existence of intellectual property rights should be respected, as well as methods of [&hellip;]<\/p>","protected":false},"author":1,"featured_media":0,"parent":0,"menu_order":0,"comment_status":"closed","ping_status":"closed","template":"","meta":{"footnotes":""},"class_list":["post-2","page","type-page","status-publish","hentry"],"_links":{"self":[{"href":"https:\/\/fincherwine.com\/fr\/wp-json\/wp\/v2\/pages\/2","targetHints":{"allow":["GET"]}}],"collection":[{"href":"https:\/\/fincherwine.com\/fr\/wp-json\/wp\/v2\/pages"}],"about":[{"href":"https:\/\/fincherwine.com\/fr\/wp-json\/wp\/v2\/types\/page"}],"author":[{"embeddable":true,"href":"https:\/\/fincherwine.com\/fr\/wp-json\/wp\/v2\/users\/1"}],"replies":[{"embeddable":true,"href":"https:\/\/fincherwine.com\/fr\/wp-json\/wp\/v2\/comments?post=2"}],"version-history":[{"count":10,"href":"https:\/\/fincherwine.com\/fr\/wp-json\/wp\/v2\/pages\/2\/revisions"}],"predecessor-version":[{"id":611,"href":"https:\/\/fincherwine.com\/fr\/wp-json\/wp\/v2\/pages\/2\/revisions\/611"}],"wp:attachment":[{"href":"https:\/\/fincherwine.com\/fr\/wp-json\/wp\/v2\/media?parent=2"}],"curies":[{"name":"wp","href":"https:\/\/api.w.org\/{rel}","templated":true}]}}